{"id":106,"date":"2021-08-09T09:51:32","date_gmt":"2021-08-09T09:51:32","guid":{"rendered":"https:\/\/cabo-demar-vive.ms.decms.eu\/?page_id=106"},"modified":"2021-08-09T09:51:32","modified_gmt":"2021-08-09T09:51:32","slug":"surroundings","status":"publish","type":"page","link":"https:\/\/www.hotelcabodemar.com\/en\/surroundings\/","title":{"rendered":"Surroundings"},"content":{"rendered":"<p>Cabo de Mar Hotel is located in a privileged point of the city of Pe\u00f1\u00edscola. <strong>Located in front of the North beach of Pe\u00f1\u00edscola<\/strong> and next to the wall that houses the old town. Such an enclave will allow you to visit mythical places such as the Papa Luna Castle or the &#8220;Bufador&#8221; a few steps away.<\/p>\n","protected":false},"excerpt":{"rendered":"<p>Cabo de Mar Hotel is located in a privileged point of the city of Pe\u00f1\u00edscola. Located in front of the North beach of Pe\u00f1\u00edscola and next to the wall that houses the old town. Such an enclave will allow you to visit mythical places such as the Papa Luna Castle or the &#8220;Bufador&#8221; a few [&hellip;]<\/p>\n","protected":false},"author":7,"featured_media":0,"parent":0,"menu_order":21,"comment_status":"closed","ping_status":"closed","template":"","meta":{"footnotes":""},"class_list":["post-106","page","type-page","status-publish","hentry"],"yoast_head":"<!-- This site is optimized with the Yoast SEO plugin v26.9 - https:\/\/yoast.com\/product\/yoast-seo-wordpress\/ -->\n<title>Surroundings &#187; Hotel Cabo de Mar &#187;<\/title>\n<meta name=\"description\" content=\"Cabo de Mar Hotel is located in a privileged point of the city of Pe\u00f1\u00edscola. Located in front of the North beach of Pe\u00f1\u00edscola and next to the wall that houses the old town\" \/>\n<meta name=\"robots\" content=\"index, follow, max-snippet:-1, max-image-preview:large, max-video-preview:-1\" \/>\n<link rel=\"canonical\" href=\"https:\/\/www.hotelcabodemar.com\/en\/surroundings\/\" \/>\n<meta property=\"og:locale\" content=\"en_US\" \/>\n<meta property=\"og:type\" content=\"article\" \/>\n<meta property=\"og:title\" content=\"Surroundings &#187; Hotel Cabo de Mar &#187;\" \/>\n<meta property=\"og:description\" content=\"Cabo de Mar Hotel is located in a privileged point of the city of Pe\u00f1\u00edscola. Located in front of the North beach of Pe\u00f1\u00edscola and next to the wall that houses the old town\" \/>\n<meta property=\"og:url\" content=\"https:\/\/www.hotelcabodemar.com\/en\/surroundings\/\" \/>\n<meta property=\"og:site_name\" content=\"Hotel Cabo de Mar\" \/>\n<meta name=\"twitter:card\" content=\"summary_large_image\" \/>\n<meta name=\"twitter:label1\" content=\"Est. reading time\" \/>\n\t<meta name=\"twitter:data1\" content=\"1 minute\" \/>\n<script type=\"application\/ld+json\" class=\"yoast-schema-graph\">{\"@context\":\"https:\/\/schema.org\",\"@graph\":[{\"@type\":\"WebPage\",\"@id\":\"https:\/\/www.hotelcabodemar.com\/en\/surroundings\/\",\"url\":\"https:\/\/www.hotelcabodemar.com\/en\/surroundings\/\",\"name\":\"Surroundings &#187; Hotel Cabo de Mar &#187;\",\"isPartOf\":{\"@id\":\"https:\/\/www.hotelcabodemar.com\/en\/#website\"},\"datePublished\":\"2021-08-09T09:51:32+00:00\",\"description\":\"Cabo de Mar Hotel is located in a privileged point of the city of Pe\u00f1\u00edscola. Located in front of the North beach of Pe\u00f1\u00edscola and next to the wall that houses the old town\",\"breadcrumb\":{\"@id\":\"https:\/\/www.hotelcabodemar.com\/en\/surroundings\/#breadcrumb\"},\"inLanguage\":\"en-US\",\"potentialAction\":[{\"@type\":\"ReadAction\",\"target\":[\"https:\/\/www.hotelcabodemar.com\/en\/surroundings\/\"]}]},{\"@type\":\"BreadcrumbList\",\"@id\":\"https:\/\/www.hotelcabodemar.com\/en\/surroundings\/#breadcrumb\",\"itemListElement\":[{\"@type\":\"ListItem\",\"position\":1,\"name\":\"Home\",\"item\":\"https:\/\/www.hotelcabodemar.com\/en\/\"},{\"@type\":\"ListItem\",\"position\":2,\"name\":\"Surroundings\"}]},{\"@type\":\"WebSite\",\"@id\":\"https:\/\/www.hotelcabodemar.com\/en\/#website\",\"url\":\"https:\/\/www.hotelcabodemar.com\/en\/\",\"name\":\"Hotel Cabo de Mar\",\"description\":\"Just another ms.decms.eu site\",\"potentialAction\":[{\"@type\":\"SearchAction\",\"target\":{\"@type\":\"EntryPoint\",\"urlTemplate\":\"https:\/\/www.hotelcabodemar.com\/en\/?s={search_term_string}\"},\"query-input\":{\"@type\":\"PropertyValueSpecification\",\"valueRequired\":true,\"valueName\":\"search_term_string\"}}],\"inLanguage\":\"en-US\"}]}<\/script>\n<!-- \/ Yoast SEO plugin. -->","yoast_head_json":{"title":"Surroundings &#187; Hotel Cabo de Mar &#187;","description":"Cabo de Mar Hotel is located in a privileged point of the city of Pe\u00f1\u00edscola. Located in front of the North beach of Pe\u00f1\u00edscola and next to the wall that houses the old town","robots":{"index":"index","follow":"follow","max-snippet":"max-snippet:-1","max-image-preview":"max-image-preview:large","max-video-preview":"max-video-preview:-1"},"canonical":"https:\/\/www.hotelcabodemar.com\/en\/surroundings\/","og_locale":"en_US","og_type":"article","og_title":"Surroundings &#187; Hotel Cabo de Mar &#187;","og_description":"Cabo de Mar Hotel is located in a privileged point of the city of Pe\u00f1\u00edscola. Located in front of the North beach of Pe\u00f1\u00edscola and next to the wall that houses the old town","og_url":"https:\/\/www.hotelcabodemar.com\/en\/surroundings\/","og_site_name":"Hotel Cabo de Mar","twitter_card":"summary_large_image","twitter_misc":{"Est. reading time":"1 minute"},"schema":{"@context":"https:\/\/schema.org","@graph":[{"@type":"WebPage","@id":"https:\/\/www.hotelcabodemar.com\/en\/surroundings\/","url":"https:\/\/www.hotelcabodemar.com\/en\/surroundings\/","name":"Surroundings &#187; Hotel Cabo de Mar &#187;","isPartOf":{"@id":"https:\/\/www.hotelcabodemar.com\/en\/#website"},"datePublished":"2021-08-09T09:51:32+00:00","description":"Cabo de Mar Hotel is located in a privileged point of the city of Pe\u00f1\u00edscola. Located in front of the North beach of Pe\u00f1\u00edscola and next to the wall that houses the old town","breadcrumb":{"@id":"https:\/\/www.hotelcabodemar.com\/en\/surroundings\/#breadcrumb"},"inLanguage":"en-US","potentialAction":[{"@type":"ReadAction","target":["https:\/\/www.hotelcabodemar.com\/en\/surroundings\/"]}]},{"@type":"BreadcrumbList","@id":"https:\/\/www.hotelcabodemar.com\/en\/surroundings\/#breadcrumb","itemListElement":[{"@type":"ListItem","position":1,"name":"Home","item":"https:\/\/www.hotelcabodemar.com\/en\/"},{"@type":"ListItem","position":2,"name":"Surroundings"}]},{"@type":"WebSite","@id":"https:\/\/www.hotelcabodemar.com\/en\/#website","url":"https:\/\/www.hotelcabodemar.com\/en\/","name":"Hotel Cabo de Mar","description":"Just another ms.decms.eu site","potentialAction":[{"@type":"SearchAction","target":{"@type":"EntryPoint","urlTemplate":"https:\/\/www.hotelcabodemar.com\/en\/?s={search_term_string}"},"query-input":{"@type":"PropertyValueSpecification","valueRequired":true,"valueName":"search_term_string"}}],"inLanguage":"en-US"}]}},"acf":[],"_links":{"self":[{"href":"https:\/\/www.hotelcabodemar.com\/en\/wp-json\/wp\/v2\/pages\/106","targetHints":{"allow":["GET"]}}],"collection":[{"href":"https:\/\/www.hotelcabodemar.com\/en\/wp-json\/wp\/v2\/pages"}],"about":[{"href":"https:\/\/www.hotelcabodemar.com\/en\/wp-json\/wp\/v2\/types\/page"}],"author":[{"embeddable":true,"href":"https:\/\/www.hotelcabodemar.com\/en\/wp-json\/wp\/v2\/users\/7"}],"replies":[{"embeddable":true,"href":"https:\/\/www.hotelcabodemar.com\/en\/wp-json\/wp\/v2\/comments?post=106"}],"version-history":[{"count":0,"href":"https:\/\/www.hotelcabodemar.com\/en\/wp-json\/wp\/v2\/pages\/106\/revisions"}],"wp:attachment":[{"href":"https:\/\/www.hotelcabodemar.com\/en\/wp-json\/wp\/v2\/media?parent=106"}],"curies":[{"name":"wp","href":"https:\/\/api.w.org\/{rel}","templated":true}]}}